{"id":5860,"date":"2021-11-02T00:14:58","date_gmt":"2021-11-02T00:14:58","guid":{"rendered":"https:\/\/kayasec.com.ar\/kayanew\/?post_type=product&#038;p=5860"},"modified":"2021-11-02T00:15:24","modified_gmt":"2021-11-02T00:15:24","slug":"osb-multi-plac-11-mm-244-mts-x-122-mts-2","status":"publish","type":"product","link":"https:\/\/kayasec.com.ar\/kayanew\/producto\/osb-multi-plac-11-mm-244-mts-x-122-mts-2\/","title":{"rendered":"OSB MULTI-PLAC 11 mm &#8211; 2,44 mts x 1,22 mts"},"content":{"rendered":"<h5 class=\"restore-pointer-events\" data-bind=\" style: $root.getSnippetStyle ? $root.getSnippetStyle( $parent ) : $parent.getStyle(), fontsize: ( $root.getSnippetStyle ? $root.getSnippetStyle( $parent ) : $parent.getStyle() ).fontSize, css: $parent.fixBtnCss(ko.unwrap($data.css)), template: { name: 'template-variants', data: { snippet: $parent, formattingElements: $parent.formattingElements() } }, textfill: false &amp;&amp; $root.window.visiblePhone()\"><span style=\"color: #ff9900\"><strong data-bind=\"tagname: formattingElements[0]\">CARA RUGOSA<\/strong><\/span><\/h5>\n<p class=\"pre restore-pointer-events\" data-bind=\" style: $root.getSnippetStyle ? $root.getSnippetStyle( $parent ) : $parent.getStyle(), fontsize: ( $root.getSnippetStyle ? $root.getSnippetStyle( $parent ) : $parent.getStyle() ).fontSize, css: $parent.fixBtnCss(ko.unwrap($data.css)), template: { name: 'template-variants', data: { snippet: $parent, formattingElements: $parent.formattingElements() } }, textfill: false &amp;&amp; $root.window.visiblePhone()\"><span style=\"color: #993300\" data-bind=\"text: ko.unwrap( snippet.data.contenido )\">Para su seguridad LP ha dise\u00f1ado una cara ANTIDESLIZANTE minimizando el riesgo de caida por deslizamiento en instalaciones.<\/span><\/p>\n<h5 class=\"restore-pointer-events\" data-bind=\" style: $root.getSnippetStyle ? $root.getSnippetStyle( $parent ) : $parent.getStyle(), fontsize: ( $root.getSnippetStyle ? $root.getSnippetStyle( $parent ) : $parent.getStyle() ).fontSize, css: $parent.fixBtnCss(ko.unwrap($data.css)), template: { name: 'template-variants', data: { snippet: $parent, formattingElements: $parent.formattingElements() } }, textfill: false &amp;&amp; $root.window.visiblePhone()\"><span style=\"color: #ff9900\"><strong data-bind=\"tagname: formattingElements[0]\">CANTO PINTADO<\/strong><\/span><\/h5>\n<p class=\"pre restore-pointer-events\" data-bind=\" style: $root.getSnippetStyle ? $root.getSnippetStyle( $parent ) : $parent.getStyle(), fontsize: ( $root.getSnippetStyle ? $root.getSnippetStyle( $parent ) : $parent.getStyle() ).fontSize, css: $parent.fixBtnCss(ko.unwrap($data.css)), template: { name: 'template-variants', data: { snippet: $parent, formattingElements: $parent.formattingElements() } }, textfill: false &amp;&amp; $root.window.visiblePhone()\"><span style=\"color: #993300\" data-bind=\"text: ko.unwrap( snippet.data.contenido )\">El color de alta visibilidad destaca las aristas del tablero previniendo accidentes en su manipulaci\u00f3n y permite revisar f\u00e1cilmente la horizontalidad (plomo) de los tableros en su instalaci\u00f3n siendo adem\u00e1s un sello que evita la intrusi\u00f3n de humedad por el canto.<\/span><\/p>\n<h5 class=\"restore-pointer-events\" data-bind=\" style: $root.getSnippetStyle ? $root.getSnippetStyle( $parent ) : $parent.getStyle(), fontsize: ( $root.getSnippetStyle ? $root.getSnippetStyle( $parent ) : $parent.getStyle() ).fontSize, css: $parent.fixBtnCss(ko.unwrap($data.css)), template: { name: 'template-variants', data: { snippet: $parent, formattingElements: $parent.formattingElements() } }, textfill: false &amp;&amp; $root.window.visiblePhone()\"><span style=\"color: #ff9900\"><strong data-bind=\"tagname: formattingElements[0]\">ADHESIVO DE ULTIMA GENERACI\u00d3N<\/strong><\/span><\/h5>\n<p class=\"pre restore-pointer-events\" data-bind=\" style: $root.getSnippetStyle ? $root.getSnippetStyle( $parent ) : $parent.getStyle(), fontsize: ( $root.getSnippetStyle ? $root.getSnippetStyle( $parent ) : $parent.getStyle() ).fontSize, css: $parent.fixBtnCss(ko.unwrap($data.css)), template: { name: 'template-variants', data: { snippet: $parent, formattingElements: $parent.formattingElements() } }, textfill: false &amp;&amp; $root.window.visiblePhone()\"><span style=\"color: #993300\" data-bind=\"text: ko.unwrap( snippet.data.contenido )\">Resinas fen\u00f3licas y de poliuretano (MDI), son utilizadas en la elaboraci\u00f3n de nuestro productos, que aseguran una alta adhesi\u00f3n interna de las hojuelas, que se traduce en tableros mas estables dimensionalmente y durables<\/span><\/p>\n<h5 class=\"restore-pointer-events\" data-bind=\" style: $root.getSnippetStyle ? $root.getSnippetStyle( $parent ) : $parent.getStyle(), fontsize: ( $root.getSnippetStyle ? $root.getSnippetStyle( $parent ) : $parent.getStyle() ).fontSize, css: $parent.fixBtnCss(ko.unwrap($data.css)), template: { name: 'template-variants', data: { snippet: $parent, formattingElements: $parent.formattingElements() } }, textfill: false &amp;&amp; $root.window.visiblePhone()\"><span style=\"color: #ff9900\"><strong data-bind=\"tagname: formattingElements[0]\">CERTIFICACI\u00d3N APA<\/strong><\/span><\/h5>\n<p class=\"pre restore-pointer-events\" data-bind=\" style: $root.getSnippetStyle ? $root.getSnippetStyle( $parent ) : $parent.getStyle(), fontsize: ( $root.getSnippetStyle ? $root.getSnippetStyle( $parent ) : $parent.getStyle() ).fontSize, css: $parent.fixBtnCss(ko.unwrap($data.css)), template: { name: 'template-variants', data: { snippet: $parent, formattingElements: $parent.formattingElements() } }, textfill: false &amp;&amp; $root.window.visiblePhone()\"><span style=\"color: #993300\" data-bind=\"text: ko.unwrap( snippet.data.contenido )\">The Engineered Wood Association, Agencia de Calidad que certifica la mayor cantidad de tableros estructurales del mundo, sello de calidad de cumplimiento de normas estructurales de USA<\/span><\/p>\n","protected":false},"excerpt":{"rendered":"<p>Las Placas OSB est\u00e1n fabricadas con el m\u00e1s alto standard de calidad.<br \/>\nLos tableros estructurales OSB (Oriented Strand Board) est\u00e1n fabricados con hojuelas de madera dispuestas en tres capas estrelazadas en forma perpendicular entre si.<\/p>\n","protected":false},"featured_media":5851,"comment_status":"open","ping_status":"closed","template":"","meta":[],"product_cat":[111,113],"product_tag":[],"_links":{"self":[{"href":"https:\/\/kayasec.com.ar\/kayanew\/wp-json\/wp\/v2\/product\/5860"}],"collection":[{"href":"https:\/\/kayasec.com.ar\/kayanew\/wp-json\/wp\/v2\/product"}],"about":[{"href":"https:\/\/kayasec.com.ar\/kayanew\/wp-json\/wp\/v2\/types\/product"}],"replies":[{"embeddable":true,"href":"https:\/\/kayasec.com.ar\/kayanew\/wp-json\/wp\/v2\/comments?post=5860"}],"wp:featuredmedia":[{"embeddable":true,"href":"https:\/\/kayasec.com.ar\/kayanew\/wp-json\/wp\/v2\/media\/5851"}],"wp:attachment":[{"href":"https:\/\/kayasec.com.ar\/kayanew\/wp-json\/wp\/v2\/media?parent=5860"}],"wp:term":[{"taxonomy":"product_cat","embeddable":true,"href":"https:\/\/kayasec.com.ar\/kayanew\/wp-json\/wp\/v2\/product_cat?post=5860"},{"taxonomy":"product_tag","embeddable":true,"href":"https:\/\/kayasec.com.ar\/kayanew\/wp-json\/wp\/v2\/product_tag?post=5860"}],"curies":[{"name":"wp","href":"https:\/\/api.w.org\/{rel}","templated":true}]}}