{"id":6419,"date":"2021-12-02T01:36:47","date_gmt":"2021-12-02T01:36:47","guid":{"rendered":"https:\/\/kayasec.com.ar\/kayanew\/?post_type=product&#038;p=6419"},"modified":"2021-12-02T01:37:08","modified_gmt":"2021-12-02T01:37:08","slug":"placa-superboard-6mm-eternit","status":"publish","type":"product","link":"https:\/\/kayasec.com.ar\/kayanew\/producto\/placa-superboard-6mm-eternit\/","title":{"rendered":"Placa Superboard 6mm &#8211; Eternit"},"content":{"rendered":"","protected":false},"excerpt":{"rendered":"<p>Placa de cemento que otorga la resistencia necesaria para absorber cargas que la estructura ser\u00eda incapaz de absorber por s\u00ed misma. Es altamente resistente al fuego y a la humedad; su composici\u00f3n y proceso productivo le brindan las caracter\u00edsticas necesarias para actuar como diafragma de rigidizaci\u00f3n.<\/p>\n","protected":false},"featured_media":6418,"comment_status":"open","ping_status":"closed","template":"","meta":[],"product_cat":[111,115],"product_tag":[],"_links":{"self":[{"href":"https:\/\/kayasec.com.ar\/kayanew\/wp-json\/wp\/v2\/product\/6419"}],"collection":[{"href":"https:\/\/kayasec.com.ar\/kayanew\/wp-json\/wp\/v2\/product"}],"about":[{"href":"https:\/\/kayasec.com.ar\/kayanew\/wp-json\/wp\/v2\/types\/product"}],"replies":[{"embeddable":true,"href":"https:\/\/kayasec.com.ar\/kayanew\/wp-json\/wp\/v2\/comments?post=6419"}],"wp:featuredmedia":[{"embeddable":true,"href":"https:\/\/kayasec.com.ar\/kayanew\/wp-json\/wp\/v2\/media\/6418"}],"wp:attachment":[{"href":"https:\/\/kayasec.com.ar\/kayanew\/wp-json\/wp\/v2\/media?parent=6419"}],"wp:term":[{"taxonomy":"product_cat","embeddable":true,"href":"https:\/\/kayasec.com.ar\/kayanew\/wp-json\/wp\/v2\/product_cat?post=6419"},{"taxonomy":"product_tag","embeddable":true,"href":"https:\/\/kayasec.com.ar\/kayanew\/wp-json\/wp\/v2\/product_tag?post=6419"}],"curies":[{"name":"wp","href":"https:\/\/api.w.org\/{rel}","templated":true}]}}